{"id":767,"date":"2023-08-02T12:49:49","date_gmt":"2023-08-02T12:49:49","guid":{"rendered":"https:\/\/cinrovettoimoveis.com\/?post_type=product&#038;p=767"},"modified":"2025-09-22T06:38:48","modified_gmt":"2025-09-22T06:38:48","slug":"excelente-departamento-en-condominio-con-piscinas-climatizadas","status":"publish","type":"product","link":"https:\/\/cinrovettoimoveis.com\/?product=excelente-departamento-en-condominio-con-piscinas-climatizadas","title":{"rendered":"Excelente Departamento en condominio con Piscinas Climatizadas."},"content":{"rendered":"<p>Departamento localizado en Bombas a 400 metros de la playa. Amplia propiedad, condominio con m\u00faltiples amenitis, piscina climatizadas internas y externas de uso com\u00fan, \u00e1rea de juego infantil, \u00e1rea de entretenimiento para adultos, gimnasio, sauna.<br \/>\nPropiedad 100% amoblada, ideal para inversionistas que quieran invertir y obtener rentabilidad r\u00e1pida, potencial de alquiler a lo largo de todo el a\u00f1o.<\/p>\n<p><strong>PROPIEDAD:<\/strong><br \/>\n-1 Dormitorio<br \/>\n&#8211; ba\u00f1o Social<br \/>\n&#8211; Cocina equipada<br \/>\n-Lavander\u00eda .<br \/>\n-Balc\u00f3n con Parrilla.<br \/>\n&#8211; 01 lugar de estacionamiento<br \/>\n-Capacidad 4 personas.<br \/>\nCONDOMINIO:<br \/>\n&#8211; Piscinas climatizadas internas y externas de uso com\u00fan para adultos y ni\u00f1os.<br \/>\n-\u00c1rea de entretenimiento para ni\u00f1os y adultos.<br \/>\n&#8211; Sauna<br \/>\n-Gimnasio<br \/>\n&#8211; Recepci\u00f3n las 24 hrs.<br \/>\n<strong>Localizaci\u00f3n:<\/strong><br \/>\nR. Albatroz, 270 &#8211; Bombas, Bombinhas &#8211; SC, 88215-000, Brasil<\/p>\n<p><iframe src=\"https:\/\/www.google.com\/maps\/embed?pb=!1m18!1m12!1m3!1d3550.6770851368087!2d-48.5167987!3d-27.1349791!2m3!1f0!2f0!3f0!3m2!1i1024!2i768!4f13.1!3m3!1m2!1s0x94d8a45577ad76ad%3A0x61ac82712a225269!2sBombinhas%20Summer%20Beach%20Hotel%20%26%20Spa!5e0!3m2!1ses!2sar!4v1690980709890!5m2!1ses!2sar\" width=\"600\" height=\"450\" style=\"border:0;\" allowfullscreen=\"\" loading=\"lazy\" referrerpolicy=\"no-referrer-when-downgrade\"><\/iframe><\/p>\n","protected":false},"excerpt":{"rendered":"<p>Departamento localizado a 50 metros de la playa de Mariscal.<br \/>\n<strong>Pago en 3 A\u00f1os<\/strong><br \/>\n[njwa_button id=\"59\"]<\/p>\n<table class=\"default\" style=\"height: 98px;\" width=\"100%\">\n<tbody>\n<tr>\n<td>Dormitorios<\/td>\n<td>Ba\u00f1os<\/td>\n<td>Garaje<\/td>\n<td>Piscina<\/td>\n<\/tr>\n<tr>\n<td><img decoding=\"async\" class=\"alignnone size-full wp-image-120\" src=\"https:\/\/cinrovettoimoveis.com\/wp-content\/uploads\/2023\/07\/cama1.png\" alt=\"\" width=\"28\" height=\"28\" \/>1 (1 suites)<\/td>\n<td><img decoding=\"async\" class=\"alignnone size-full wp-image-121\" src=\"https:\/\/cinrovettoimoveis.com\/wp-content\/uploads\/2023\/07\/ducha1.png\" alt=\"\" width=\"28\" height=\"28\" \/>1<\/td>\n<td><img decoding=\"async\" class=\"alignnone size-full wp-image-122\" src=\"https:\/\/cinrovettoimoveis.com\/wp-content\/uploads\/2023\/07\/garaje1.png\" alt=\"\" width=\"28\" height=\"28\" \/>1<\/td>\n<td><img loading=\"lazy\" decoding=\"async\" class=\"alignnone size-full wp-image-409\" src=\"https:\/\/cinrovettoimoveis.com\/wp-content\/uploads\/2023\/07\/pool.png\" alt=\"\" width=\"28\" height=\"28\" \/>1<\/td>\n<\/tr>\n<\/tbody>\n<\/table>\n","protected":false},"featured_media":768,"comment_status":"open","ping_status":"closed","template":"","meta":{"inline_featured_image":false,"_kad_post_transparent":"default","_kad_post_title":"","_kad_post_layout":"default","_kad_post_sidebar_id":"","_kad_post_content_style":"default","_kad_post_vertical_padding":"default","_kad_post_feature":"","_kad_post_feature_position":"","_kad_post_header":false,"_kad_post_footer":false,"_kad_post_classname":""},"product_cat":[36,64,31],"product_tag":[73],"_links":{"self":[{"href":"https:\/\/cinrovettoimoveis.com\/index.php?rest_route=\/wp\/v2\/product\/767"}],"collection":[{"href":"https:\/\/cinrovettoimoveis.com\/index.php?rest_route=\/wp\/v2\/product"}],"about":[{"href":"https:\/\/cinrovettoimoveis.com\/index.php?rest_route=\/wp\/v2\/types\/product"}],"replies":[{"embeddable":true,"href":"https:\/\/cinrovettoimoveis.com\/index.php?rest_route=%2Fwp%2Fv2%2Fcomments&post=767"}],"wp:featuredmedia":[{"embeddable":true,"href":"https:\/\/cinrovettoimoveis.com\/index.php?rest_route=\/wp\/v2\/media\/768"}],"wp:attachment":[{"href":"https:\/\/cinrovettoimoveis.com\/index.php?rest_route=%2Fwp%2Fv2%2Fmedia&parent=767"}],"wp:term":[{"taxonomy":"product_cat","embeddable":true,"href":"https:\/\/cinrovettoimoveis.com\/index.php?rest_route=%2Fwp%2Fv2%2Fproduct_cat&post=767"},{"taxonomy":"product_tag","embeddable":true,"href":"https:\/\/cinrovettoimoveis.com\/index.php?rest_route=%2Fwp%2Fv2%2Fproduct_tag&post=767"}],"curies":[{"name":"wp","href":"https:\/\/api.w.org\/{rel}","templated":true}]}}