{"id":751,"date":"2023-08-02T12:37:52","date_gmt":"2023-08-02T12:37:52","guid":{"rendered":"https:\/\/cinrovettoimoveis.com\/?post_type=product&#038;p=751"},"modified":"2025-09-22T06:37:46","modified_gmt":"2025-09-22T06:37:46","slug":"departameto-en-bombas-condominio-con-piscina","status":"publish","type":"product","link":"https:\/\/cinrovettoimoveis.com\/?product=departameto-en-bombas-condominio-con-piscina","title":{"rendered":"Departameto en Bombas, condominio con Piscina"},"content":{"rendered":"<p>Departamento localizado en la segunda Avenida m\u00e1s importante de Bombas a 250 metros de la playa. Amplia propiedad, condominio con piscina de uso com\u00fan y \u00e1rea pergolada de Esparcimiento.<\/p>\n<p>Propiedad 100% amoblada, ideal para inversionistas que quieran invertir y obtener rentabilidad r\u00e1pida, bajo costo de mantenimiento.<\/p>\n<p><strong>PROPIEDAD:<\/strong><br \/>\n&#8211; 2 dormitorios, (siendo 1 en suite). Los 2 con Aire Acondicionado.<br \/>\n&#8211; Ba\u00f1o Social<br \/>\n&#8211; Living comedor con Aire Acondicionado.<br \/>\n&#8211; Cocina equipada con lavadero integrado.<br \/>\n&#8211; Amplio balc\u00f3n con Parrilla.<br \/>\n&#8211; 01 lugar de estacionamiento<br \/>\n&#8211; Capacidad 6 personas.<br \/>\nCONDOMINIO:<br \/>\n&#8211; Piscina de uso com\u00fan para adultos y ni\u00f1os<br \/>\n&#8211; \u00c1rea de esparcimiento.<br \/>\n&#8211; Excelente nivel de terminaciones.<br \/>\n&#8211; Cielorraso de yeso<br \/>\n<strong>Localizaci\u00f3n:<\/strong><br \/>\nAv. Fragata 1064 &#8211; Bombas, Bombinhas &#8211; SC, 88215-000, Brasil<\/p>\n<p><iframe style=\"border: 0;\" src=\"https:\/\/www.google.com\/maps\/embed?pb=!1m18!1m12!1m3!1d3550.2813710586943!2d-48.5053468!3d-27.147435999999995!2m3!1f0!2f0!3f0!3m2!1i1024!2i768!4f13.1!3m3!1m2!1s0x94d8a4471c0a753b%3A0x78620e662d631c76!2sResidencial%20VARADERO%20-%20Av.%20Fragata%20-%20Bombas%2C%20Bombinhas%20-%20SC%2C%2088215-000%2C%20Brasil!5e0!3m2!1ses!2sar!4v1690979926546!5m2!1ses!2sar\" width=\"600\" height=\"450\" allowfullscreen=\"allowfullscreen\"><\/iframe><\/p>\n","protected":false},"excerpt":{"rendered":"<p>Departamento localizado a 250 metros de la playa de Bombas.<br \/>\n<strong>Pago en 3 A\u00f1os<\/strong><br \/>\n[njwa_button id=\"59\"]<\/p>\n<table class=\"default\" style=\"height: 98px;\" width=\"100%\">\n<tbody>\n<tr>\n<td>Dormitorios<\/td>\n<td>Ba\u00f1os<\/td>\n<td>Garaje<\/td>\n<td>Piscina<\/td>\n<\/tr>\n<tr>\n<td><img decoding=\"async\" class=\"alignnone size-full wp-image-120\" src=\"https:\/\/cinrovettoimoveis.com\/wp-content\/uploads\/2023\/07\/cama1.png\" alt=\"\" width=\"28\" height=\"28\" \/>2 (1 suite)<\/td>\n<td><img decoding=\"async\" class=\"alignnone size-full wp-image-121\" src=\"https:\/\/cinrovettoimoveis.com\/wp-content\/uploads\/2023\/07\/ducha1.png\" alt=\"\" width=\"28\" height=\"28\" \/>2 (Total)<\/td>\n<td><img decoding=\"async\" class=\"alignnone size-full wp-image-122\" src=\"https:\/\/cinrovettoimoveis.com\/wp-content\/uploads\/2023\/07\/garaje1.png\" alt=\"\" width=\"28\" height=\"28\" \/>1<\/td>\n<td><img loading=\"lazy\" decoding=\"async\" class=\"alignnone size-full wp-image-409\" src=\"https:\/\/cinrovettoimoveis.com\/wp-content\/uploads\/2023\/07\/pool.png\" alt=\"\" width=\"28\" height=\"28\" \/>1<\/td>\n<\/tr>\n<\/tbody>\n<\/table>\n","protected":false},"featured_media":752,"comment_status":"open","ping_status":"closed","template":"","meta":{"inline_featured_image":false,"_kad_post_transparent":"default","_kad_post_title":"","_kad_post_layout":"default","_kad_post_sidebar_id":"","_kad_post_content_style":"default","_kad_post_vertical_padding":"default","_kad_post_feature":"","_kad_post_feature_position":"","_kad_post_header":false,"_kad_post_footer":false,"_kad_post_classname":""},"product_cat":[36,64,31],"product_tag":[59],"_links":{"self":[{"href":"https:\/\/cinrovettoimoveis.com\/index.php?rest_route=\/wp\/v2\/product\/751"}],"collection":[{"href":"https:\/\/cinrovettoimoveis.com\/index.php?rest_route=\/wp\/v2\/product"}],"about":[{"href":"https:\/\/cinrovettoimoveis.com\/index.php?rest_route=\/wp\/v2\/types\/product"}],"replies":[{"embeddable":true,"href":"https:\/\/cinrovettoimoveis.com\/index.php?rest_route=%2Fwp%2Fv2%2Fcomments&post=751"}],"wp:featuredmedia":[{"embeddable":true,"href":"https:\/\/cinrovettoimoveis.com\/index.php?rest_route=\/wp\/v2\/media\/752"}],"wp:attachment":[{"href":"https:\/\/cinrovettoimoveis.com\/index.php?rest_route=%2Fwp%2Fv2%2Fmedia&parent=751"}],"wp:term":[{"taxonomy":"product_cat","embeddable":true,"href":"https:\/\/cinrovettoimoveis.com\/index.php?rest_route=%2Fwp%2Fv2%2Fproduct_cat&post=751"},{"taxonomy":"product_tag","embeddable":true,"href":"https:\/\/cinrovettoimoveis.com\/index.php?rest_route=%2Fwp%2Fv2%2Fproduct_tag&post=751"}],"curies":[{"name":"wp","href":"https:\/\/api.w.org\/{rel}","templated":true}]}}