{"id":135,"date":"2023-07-21T18:53:36","date_gmt":"2023-07-21T18:53:36","guid":{"rendered":"https:\/\/cinrovettoimoveis.com\/?post_type=product&#038;p=135"},"modified":"2026-01-04T07:53:20","modified_gmt":"2026-01-04T07:53:20","slug":"acogedora-casa-con-piscina-en-la-playa-de-canto-grande-1","status":"publish","type":"product","link":"https:\/\/cinrovettoimoveis.com\/?product=acogedora-casa-con-piscina-en-la-playa-de-canto-grande-1","title":{"rendered":"Monoambiente en Aparthotel a 100 metros de la playa de Bombinhas."},"content":{"rendered":"<p><strong>Propiedad muy bien ubicada en pleno centro de Bombinhas, con todo tipo de comercio cercan<\/strong>o. Cuenta con m\u00faltiples espacios de uso com\u00fan, piscina, jacuzzis, \u00e1rea de juego infantil, restaurant, gimnasio. Terraza con vistas imponentes al mar y la monta\u00f1a.<\/p>\n<p><strong>Propiedad:<\/strong><br \/>\n&#8211; Sala y cocina integrado<br \/>\n&#8211; Living con sof\u00e1 cama de dos plazas.<br \/>\n&#8211; Ba\u00f1o social<br \/>\n-Balc\u00f3n con vista parcial al mar.<br \/>\n&#8211; 01 estacionamiento rotativo<br \/>\nUna oportunidad para inversores de bajo costo de mantenimiento.<\/p>\n<p><strong>Condominio:<\/strong><br \/>\n-Apart Hotel<br \/>\n-Recepci\u00f3n 24 horas.<br \/>\n&#8211; Hall de entrada decorado<br \/>\n&#8211; Ascensor<br \/>\n&#8211; Pileta, Jacuzzi.<br \/>\n-Gimnasio<br \/>\n-Restaurant.<br \/>\n-\u00c1rea de entretenimiento para ni\u00f1os.<br \/>\n&#8211; Garaje Rotativo.<br \/>\n&#8211; Accesibilidad<br \/>\n&#8211; Ubicaci\u00f3n privilegiada<br \/>\n<strong>Localizaci\u00f3n:<\/strong><br \/>\nRua Merluza, 51 &#8211; Centro, Bombinhas &#8211; SC, 88215-000, Brasil<\/p>\n","protected":false},"excerpt":{"rendered":"<p>Propiedad muy bien ubicada en pleno centro de Bombinhas<br \/>\n<strong>Pago en 3 A\u00f1os<\/strong><br \/>\n[njwa_button id=\"59\"]<\/p>\n<table class=\"default\" style=\"height: 98px;\" width=\"100%\">\n<tbody>\n<tr>\n<td>Dormitorios<\/td>\n<td>Ba\u00f1os<\/td>\n<td>Garaje<\/td>\n<td>Piscina<\/td>\n<\/tr>\n<tr>\n<td><img decoding=\"async\" class=\"alignnone size-full wp-image-120\" src=\"https:\/\/cinrovettoimoveis.com\/wp-content\/uploads\/2023\/07\/cama1.png\" alt=\"\" width=\"28\" height=\"28\" \/>1 (1 suites)<\/td>\n<td><img decoding=\"async\" class=\"alignnone size-full wp-image-121\" src=\"https:\/\/cinrovettoimoveis.com\/wp-content\/uploads\/2023\/07\/ducha1.png\" alt=\"\" width=\"28\" height=\"28\" \/>1<\/td>\n<td><img decoding=\"async\" class=\"alignnone size-full wp-image-122\" src=\"https:\/\/cinrovettoimoveis.com\/wp-content\/uploads\/2023\/07\/garaje1.png\" alt=\"\" width=\"28\" height=\"28\" \/>1<\/td>\n<td><img loading=\"lazy\" decoding=\"async\" class=\"alignnone size-full wp-image-409\" src=\"https:\/\/cinrovettoimoveis.com\/wp-content\/uploads\/2023\/07\/pool.png\" alt=\"\" width=\"28\" height=\"28\" \/>1<\/td>\n<\/tr>\n<\/tbody>\n<\/table>\n","protected":false},"featured_media":594,"comment_status":"open","ping_status":"closed","template":"","meta":{"inline_featured_image":false,"_kad_post_transparent":"default","_kad_post_title":"","_kad_post_layout":"default","_kad_post_sidebar_id":"","_kad_post_content_style":"default","_kad_post_vertical_padding":"default","_kad_post_feature":"","_kad_post_feature_position":"","_kad_post_header":false,"_kad_post_footer":false,"_kad_post_classname":""},"product_cat":[36,64,31],"product_tag":[58],"_links":{"self":[{"href":"https:\/\/cinrovettoimoveis.com\/index.php?rest_route=\/wp\/v2\/product\/135"}],"collection":[{"href":"https:\/\/cinrovettoimoveis.com\/index.php?rest_route=\/wp\/v2\/product"}],"about":[{"href":"https:\/\/cinrovettoimoveis.com\/index.php?rest_route=\/wp\/v2\/types\/product"}],"replies":[{"embeddable":true,"href":"https:\/\/cinrovettoimoveis.com\/index.php?rest_route=%2Fwp%2Fv2%2Fcomments&post=135"}],"wp:featuredmedia":[{"embeddable":true,"href":"https:\/\/cinrovettoimoveis.com\/index.php?rest_route=\/wp\/v2\/media\/594"}],"wp:attachment":[{"href":"https:\/\/cinrovettoimoveis.com\/index.php?rest_route=%2Fwp%2Fv2%2Fmedia&parent=135"}],"wp:term":[{"taxonomy":"product_cat","embeddable":true,"href":"https:\/\/cinrovettoimoveis.com\/index.php?rest_route=%2Fwp%2Fv2%2Fproduct_cat&post=135"},{"taxonomy":"product_tag","embeddable":true,"href":"https:\/\/cinrovettoimoveis.com\/index.php?rest_route=%2Fwp%2Fv2%2Fproduct_tag&post=135"}],"curies":[{"name":"wp","href":"https:\/\/api.w.org\/{rel}","templated":true}]}}